{"id":27,"date":"2024-06-14T22:53:40","date_gmt":"2024-06-14T20:53:40","guid":{"rendered":"https:\/\/members.vonlinne.net\/?page_id=27"},"modified":"2024-06-14T22:53:40","modified_gmt":"2024-06-14T20:53:40","slug":"password-reset","status":"publish","type":"page","link":"https:\/\/members.vonlinne.net\/?page_id=27","title":{"rendered":"\u00c5terst\u00e4llning av l\u00f6senord"},"content":{"rendered":"\n<div class=\"um um-password um-um_password_id\">\n\t<div class=\"um-form\">\n\t\t<form method=\"post\" action=\"\">\n\t\t\t\n\t\t\t\t<input type=\"hidden\" name=\"_um_password_reset\" id=\"_um_password_reset\" value=\"1\" \/>\n\n\t\t\t\t\t\t\t\t\t<div class=\"um-field um-field-block um-field-type_block\">\n\t\t\t\t\t\t<div class=\"um-field-block\">\n\t\t\t\t\t\t\t<div style=\"text-align:center;\">\n\t\t\t\t\t\t\t\tF\u00f6r att \u00e5terst\u00e4lla ditt l\u00f6senord, ange din e-postadress eller anv\u00e4ndarnamn nedan.\t\t\t\t\t\t\t<\/div>\n\t\t\t\t\t\t<\/div>\n\t\t\t\t\t<\/div>\n\t\t\t\t<div  id=\"um_field_0_username_b\" class=\"um-field um-field-text  um-field-username_b um-field-text um-field-type_text\" data-key=\"username_b\"><div class=\"um-field-area\"><input  autocomplete=\"off\" class=\"um-form-field valid \" type=\"text\" name=\"username_b\" id=\"username_b\" value=\"\" placeholder=\"Ange ditt anv\u00e4ndarnamn eller e-postadress\" data-validate=\"\" data-key=\"username_b\"  aria-invalid=\"false\" \/>\n\n\t\t\t\t\t\t<\/div><\/div>\n\t\t\t\t<div class=\"um-col-alt um-col-alt-b\">\n\n\t\t\t\t\t<div class=\"um-center\">\n\t\t\t\t\t\t<input type=\"submit\" value=\"\u00c5terst\u00e4ll l\u00f6senord\" class=\"um-button\" id=\"um-submit-btn\" \/>\n\t\t\t\t\t<\/div>\n\n\t\t\t\t\t<div class=\"um-clear\"><\/div>\n\n\t\t\t\t<\/div>\n\n\t\t\t\t\t\t<input type=\"hidden\" name=\"form_id\" id=\"form_id_um_password_id\" value=\"um_password_id\" \/>\n\t\n\t<p class=\"um_request_name\">\n\t\t<label for=\"um_request_um_password_id\">Only fill in if you are not human<\/label>\n\t\t<input type=\"hidden\" name=\"um_request\" id=\"um_request_um_password_id\" class=\"input\" value=\"\" size=\"25\" autocomplete=\"off\" \/>\n\t<\/p>\n\n\t\t\t<\/form>\n\t<\/div>\n<\/div>\n<style>\n\t\t\t.um-um_password_id.um {\n\t\t\tmax-width: 450px;\n\t\t}\n\t\t<\/style>\n\n","protected":false},"excerpt":{"rendered":"","protected":false},"author":1,"featured_media":0,"parent":0,"menu_order":0,"comment_status":"closed","ping_status":"closed","template":"","meta":{"_monsterinsights_skip_tracking":false,"_monsterinsights_sitenote_active":false,"_monsterinsights_sitenote_note":"","_monsterinsights_sitenote_category":0,"footnotes":""},"yoast_head":"<!-- This site is optimized with the Yoast SEO plugin v22.8 - https:\/\/yoast.com\/wordpress\/plugins\/seo\/ -->\n<title>\u00c5terst\u00e4llning av l\u00f6senord - von Linneinstitutet medlem<\/title>\n<meta name=\"robots\" content=\"index, follow, max-snippet:-1, max-image-preview:large, max-video-preview:-1\" \/>\n<link rel=\"canonical\" href=\"https:\/\/members.vonlinne.net\/?page_id=27\" \/>\n<meta property=\"og:locale\" content=\"sv_SE\" \/>\n<meta property=\"og:type\" content=\"article\" \/>\n<meta property=\"og:title\" content=\"\u00c5terst\u00e4llning av l\u00f6senord - von Linneinstitutet medlem\" \/>\n<meta property=\"og:url\" content=\"https:\/\/members.vonlinne.net\/?page_id=27\" \/>\n<meta property=\"og:site_name\" content=\"von Linneinstitutet medlem\" \/>\n<meta name=\"twitter:card\" content=\"summary_large_image\" \/>\n<script type=\"application\/ld+json\" class=\"yoast-schema-graph\">{\"@context\":\"https:\/\/schema.org\",\"@graph\":[{\"@type\":\"WebPage\",\"@id\":\"https:\/\/members.vonlinne.net\/?page_id=27\",\"url\":\"https:\/\/members.vonlinne.net\/?page_id=27\",\"name\":\"\u00c5terst\u00e4llning av l\u00f6senord - von Linneinstitutet medlem\",\"isPartOf\":{\"@id\":\"https:\/\/members.vonlinne.net\/#website\"},\"datePublished\":\"2024-06-14T20:53:40+00:00\",\"dateModified\":\"2024-06-14T20:53:40+00:00\",\"breadcrumb\":{\"@id\":\"https:\/\/members.vonlinne.net\/?page_id=27#breadcrumb\"},\"inLanguage\":\"sv-SE\",\"potentialAction\":[{\"@type\":\"ReadAction\",\"target\":[\"https:\/\/members.vonlinne.net\/?page_id=27\"]}]},{\"@type\":\"BreadcrumbList\",\"@id\":\"https:\/\/members.vonlinne.net\/?page_id=27#breadcrumb\",\"itemListElement\":[{\"@type\":\"ListItem\",\"position\":1,\"name\":\"Home\",\"item\":\"https:\/\/members.vonlinne.net\/\"},{\"@type\":\"ListItem\",\"position\":2,\"name\":\"\u00c5terst\u00e4llning av l\u00f6senord\"}]},{\"@type\":\"WebSite\",\"@id\":\"https:\/\/members.vonlinne.net\/#website\",\"url\":\"https:\/\/members.vonlinne.net\/\",\"name\":\"von Linneinstitutet medlem\",\"description\":\"\",\"potentialAction\":[{\"@type\":\"SearchAction\",\"target\":{\"@type\":\"EntryPoint\",\"urlTemplate\":\"https:\/\/members.vonlinne.net\/?s={search_term_string}\"},\"query-input\":\"required name=search_term_string\"}],\"inLanguage\":\"sv-SE\"}]}<\/script>\n<!-- \/ Yoast SEO plugin. -->","yoast_head_json":{"title":"\u00c5terst\u00e4llning av l\u00f6senord - von Linneinstitutet medlem","robots":{"index":"index","follow":"follow","max-snippet":"max-snippet:-1","max-image-preview":"max-image-preview:large","max-video-preview":"max-video-preview:-1"},"canonical":"https:\/\/members.vonlinne.net\/?page_id=27","og_locale":"sv_SE","og_type":"article","og_title":"\u00c5terst\u00e4llning av l\u00f6senord - von Linneinstitutet medlem","og_url":"https:\/\/members.vonlinne.net\/?page_id=27","og_site_name":"von Linneinstitutet medlem","twitter_card":"summary_large_image","schema":{"@context":"https:\/\/schema.org","@graph":[{"@type":"WebPage","@id":"https:\/\/members.vonlinne.net\/?page_id=27","url":"https:\/\/members.vonlinne.net\/?page_id=27","name":"\u00c5terst\u00e4llning av l\u00f6senord - von Linneinstitutet medlem","isPartOf":{"@id":"https:\/\/members.vonlinne.net\/#website"},"datePublished":"2024-06-14T20:53:40+00:00","dateModified":"2024-06-14T20:53:40+00:00","breadcrumb":{"@id":"https:\/\/members.vonlinne.net\/?page_id=27#breadcrumb"},"inLanguage":"sv-SE","potentialAction":[{"@type":"ReadAction","target":["https:\/\/members.vonlinne.net\/?page_id=27"]}]},{"@type":"BreadcrumbList","@id":"https:\/\/members.vonlinne.net\/?page_id=27#breadcrumb","itemListElement":[{"@type":"ListItem","position":1,"name":"Home","item":"https:\/\/members.vonlinne.net\/"},{"@type":"ListItem","position":2,"name":"\u00c5terst\u00e4llning av l\u00f6senord"}]},{"@type":"WebSite","@id":"https:\/\/members.vonlinne.net\/#website","url":"https:\/\/members.vonlinne.net\/","name":"von Linneinstitutet medlem","description":"","potentialAction":[{"@type":"SearchAction","target":{"@type":"EntryPoint","urlTemplate":"https:\/\/members.vonlinne.net\/?s={search_term_string}"},"query-input":"required name=search_term_string"}],"inLanguage":"sv-SE"}]}},"_links":{"self":[{"href":"https:\/\/members.vonlinne.net\/index.php?rest_route=\/wp\/v2\/pages\/27"}],"collection":[{"href":"https:\/\/members.vonlinne.net\/index.php?rest_route=\/wp\/v2\/pages"}],"about":[{"href":"https:\/\/members.vonlinne.net\/index.php?rest_route=\/wp\/v2\/types\/page"}],"author":[{"embeddable":true,"href":"https:\/\/members.vonlinne.net\/index.php?rest_route=\/wp\/v2\/users\/1"}],"replies":[{"embeddable":true,"href":"https:\/\/members.vonlinne.net\/index.php?rest_route=%2Fwp%2Fv2%2Fcomments&post=27"}],"version-history":[{"count":0,"href":"https:\/\/members.vonlinne.net\/index.php?rest_route=\/wp\/v2\/pages\/27\/revisions"}],"wp:attachment":[{"href":"https:\/\/members.vonlinne.net\/index.php?rest_route=%2Fwp%2Fv2%2Fmedia&parent=27"}],"curies":[{"name":"wp","href":"https:\/\/api.w.org\/{rel}","templated":true}]}}